{"id":377,"date":"2010-02-16T12:26:37","date_gmt":"2010-02-16T10:26:37","guid":{"rendered":"http:\/\/antropologia.zeus.umh.es\/?page_id=377"},"modified":"2018-01-19T13:32:19","modified_gmt":"2018-01-19T12:32:19","slug":"revistas","status":"publish","type":"page","link":"https:\/\/antropologia.umh.es\/ca\/revistas\/","title":{"rendered":"Revistas"},"content":{"rendered":"<p><\/p>\n<p><a href=\"http:\/\/www.con-textos.net\/es\">(COM) TEXTOS<\/a><br \/>\nREVISTA DE ANTROPOLOGIA E INVESTIGACION SOCIAL.<\/p>\n<p>(con)textos surge por iniciativa de doctorandos y doctorandas de antropolog\u00eda social y cultural vinculados a la Universitat de Barcelona. La publicaci\u00f3n nace con la intenci\u00f3n primera de dar a conocer los trabajos de investigaci\u00f3n que se est\u00e1n llevando a cabo en el marco de la etapa doctoral, adem\u00e1s de generar un espacio de debate, reflexi\u00f3n y formaci\u00f3n en el \u00e1mbito de la antropolog\u00eda social. Por ello, la difusi\u00f3n y discusi\u00f3n de investigaciones recientes y en curso se considera un objetivo prioritaria de la revista, con el que se persigue un intercambio fluido de experiencias te\u00f3ricas y pr\u00e1cticas.<\/p>\n<p>Se publican textos de an\u00e1lisis etnogr\u00e1fico y\/o de reflexi\u00f3n te\u00f3rica, as\u00ed como rese\u00f1as de publicaciones, tesis y tesinas del \u00e1mbito de la antropolog\u00eda social, y reflexiones derivadas de la experiencia etnogr\u00e1fica. Tambi\u00e9n se acogen trabajos procedentes de otras ciencias sociales y humanas que se acerquen a la antropolog\u00eda, ya sea tomando sus planteamientos te\u00f3ricos o adoptando enfoques etnogr\u00e1ficos.<\/p>\n<p><a href=\"http:\/\/dialnet.unirioja.es\/servlet\/revista?codigo=2012\">REVISTA KOIBE ANTROPOLOG\u00cdA CULTURAL<\/a><br \/>\nInformaci\u00f3n general:<br \/>\nISSN: 0214-7939<br \/>\nPeriodicidad: Bienal<br \/>\nInicio: 1985<br \/>\nEditores<br \/>\nDiputaci\u00f3n Foral de Vizcaya (<a href=\"http:\/\/www.bizkaia.net\/home2\/eu_index.asp\">http:\/\/www.bizkaia.net\/home2\/eu_index.asp<\/a><\/p>\n<p><a href=\"http:\/\/antropologiaaragonesa.org\/publicaciones.html\"><strong>TEMAS DE ANTROPOLOG\u00cdA ARAGONESA<\/strong><\/a>\u00a0\u00a0 Universidad de Zaragoza.<br \/>\nEl Instituto Aragon\u00e9s de Antropolog\u00eda edita actualmente la revista Temas de Antropolog\u00eda Aragonesa y las colecciones Monograf\u00edas Artularios y, adem\u00e1s de un bolet\u00edn interno. De La Revista Temas de Antropolog\u00eda Aragonesa, una de las de alcalde tirada de Espa\u00f1a y la \u00fanica en Arag\u00f3n que se dedica Exclusivamente a la Antropolog\u00eda.<\/p>\n<p><a href=\"http:\/\/www.ujaen.es\/huesped\/rae\/\"><strong>REVISTA DE ANTROPOLOG\u00cdA EXPERIMENTAL<\/strong><\/a><br \/>\nPublicaci\u00f3n electr\u00f3nica especializada en Antropolog\u00eda, en cualquiera de sus enfoques,primando trabajos dialogicos,antropopoetica,trabajos visuales y ensayo, siempre desde un posicionamiento critico.Esperamos tus aportaciones,tambien rese\u00f1as bibliograficas.<\/p>\n<p><a href=\"http:\/\/www.ucm.es\/BUCM\/revistasBUC\/portal\/modulos.php?name=Revistas2&amp;id=RASO\"><strong>REVISTA DE ANTROPOLOG\u00cdA SOCIAL<\/strong><\/a>\u00a0Universidad Complutense de Madrid.<br \/>\nPretende proporcionar a los profesionales de la Antropolog\u00eda Social y Cultural un cauce vivo, amplio y riguroso para presentar la investigaci\u00f3n etnogr\u00e1fica y antropol\u00f3gica m\u00e1s reciente e innovadora, abierta a todas las dimensiones del hombre y atenta a los problemas que la \u00e9poca convierte en m\u00e1s relevantes. Alterna n\u00fameros abiertos y temas monogr\u00e1ficos coordinados por un especialista.<\/p>\n<p><a href=\"http:\/\/www.ucm.es\/BUCM\/revistasBUC\/portal\/modules.php?name=Revistas2&amp;id=REAA\"><strong>REVISTA ESPA\u00d1OLA DE ANTROPOLOGIA AMERICANA<\/strong><\/a><br \/>\nPublicaci\u00f3n electronica anual editada por el Servicio de Publicaciones de la Universidad Complutense de Madrid. Tiene disponible en linea desde el a\u00f1o 1952 en que salio el primer numero en formato PDF<br \/>\n(Espa\u00f1a)<\/p>\n<p><strong><a href=\"http:\/\/www.ugr.es\/~pwlac\/\">GAZETA ANTROPOLOGICA<br \/>\n<\/a><\/strong>Revista anual, editada desde 1982 por el Grupo de investigaci\u00f3n Antropolog\u00eda y Filosof\u00eda &#8211; (Departamento de Filosof\u00eda) de la Universidad de Granada.<\/p>\n<p><strong><a href=\"http:\/\/antropologia.uab.es\/Periferia\/index.html\">REVISTA PERIPHERIA<\/a><\/strong><br \/>\nes una revista\u00a0on line, que se publica en el departamente de Antropolog\u00eda Social\u00a0y Cultural de la Universidad de Barcelona\u00a0para mostrar la diversaas investigaciones\u00a0que se gener\u00e1n en este departamento. Est\u00e1 revista se concibe como una herramienta de transmisi\u00f3n de conocimiento y un canal de difusi\u00f3n para todas aquellas investigaciones realizadas y que se realizar\u00e1n.<\/p>\n<p><a href=\"http:\/\/www.icanh.gov.co\/secciones\/publicaciones\/rca.htm\"><strong>REVISTA COLOMBIANA DE ANTROPOLOG\u00cdA<\/strong><\/a><br \/>\nComenz\u00f3 a publicarse en 1953, como \u00f3rgano oficial del reci\u00e9n creado Instituto Colombiano de Antropolog\u00eda. Reemplaz\u00f3 a la Revista del Instituto Etnol\u00f3gico Nacional y al Bolet\u00edn de Arqueolog\u00eda, con el fin de difundir de forma moderna y m\u00e1s cient\u00edfica los resultados de las investigaciones antropol\u00f3gicas que se realizaban dentro y fuera del pa\u00eds. Desde entonces, ha sido reflejo de las tendencias de la investigaci\u00f3n antropol\u00f3gica que se realiza en Colombia e instrumento de divulgaci\u00f3n de los avances de la disciplina. Su periodicidad es semestral.<\/p>\n<p><a href=\"http:\/\/www.aibr.org\/antropologia\/aibr\/revista.php\"><strong>REVISTA AIBR<\/strong><\/a><br \/>\nes una de las revistas cient\u00edficas de antropolog\u00eda m\u00e1s difundidas en idioma castellano. Actualmente se edita de forma impresa y electr\u00f3nica.<br \/>\nSus contenidos no s\u00f3lo se centran en publicar art\u00edculos y ensayos de antropolog\u00eda (principalmente antropolog\u00eda social y cultural) sino especialmente en ofrecer la visi\u00f3n antropol\u00f3gica de la actualidad social. Es por eso que se incluyen noticias de actualidad, espacio cr\u00edtico, entrevistas, cr\u00f3nicas, rese\u00f1as bibliogr\u00e1ficas y agenda de eventos.<\/p>\n<p><a href=\"http:\/\/www.uam-antropologia.info\/alteridades.html\"><strong>REVISTA ALTERIDADES<\/strong><\/a><br \/>\nEs un espacio editorial del Departamento de Antropolog\u00eda de la Universidad Aut\u00f3noma Metropolitana-Iztapalapa interesado en la publicaci\u00f3n de trabajos de investigaci\u00f3n, reflexi\u00f3n te\u00f3rica y rese\u00f1as originales, relacionados con temas de cultura y antropolog\u00eda.<br \/>\nEntre sus objetivos est\u00e1 contribuir al desarrollo de la disciplina antropol\u00f3gica en M\u00e9xico al ser una publicaci\u00f3n peri\u00f3dica especializada en la que, adem\u00e1s de ofrecer resultados de investigaci\u00f3n, se promueva la discusi\u00f3n de temas de car\u00e1cter te\u00f3rico.<br \/>\nPor ello, ALTERIDADES incorpora material de amplio inter\u00e9s antropol\u00f3gico, traducciones y rese\u00f1as de libros de revistas de reciente aparici\u00f3n, y abre sus puertas a debates sobre cuestiones nacionales que permitan el di\u00e1logo de los antrop\u00f3logos con otros expertos y con la sociedad en general.<\/p>\n<p><a href=\"http:\/\/www.scielo.cl\/scielo.php?script=sci_serial&amp;pid=0717-7356&amp;lng=es&amp;nrm=iso\"><strong>REVISTA CHUNGARA<\/strong><\/a><br \/>\nRevista de Antropolog\u00eda ISI, la \u00fanica indexada en esta disciplina en Chile y latinoam\u00e9rica desde el 2002 .<\/p>\n<p><a href=\"http:\/\/www.uta.cl\/revistadialogoandino\/index.php?option=com_content&amp;task=view&amp;id=13&amp;Itemid=27\"><strong>REVISTA DIALOGO ANDINO<\/strong><\/a><br \/>\nsu nuevo formato gr\u00e1fico mantienen la circulaci\u00f3n de dos n\u00fameros al a\u00f1o, que contienen art\u00edculos o ensayos in\u00e9ditos producto de investigaciones (Fondecyt, proyectos mayores universitarios, cap\u00edtulos de tesis de postgrados, documentos de trabajo, ponencias en congresos, seminarios o proyectos cient\u00edficos con otras fuentes de financiamiento) en los campos de la Historia Regional, la Etnohistoria o disciplinas de las Humanidades o las Ciencias Sociales en los contextos tem\u00e1ticos ya enunciados.<br \/>\nLa Revista Di\u00e1logo Andino. Estudios Hist\u00f3ricos y Geogr\u00e1ficos Regionales abre una nueva etapa en su que hacer editorial, publicando contribuciones que estimulan la generaci\u00f3n de conocimiento y resultados de programas de investigaci\u00f3n que profundizan procesos sociohist\u00f3ricos en espacios geoculturales.<\/p>\n<p><a href=\"http:\/\/dti.inah.gob.mx\/index.php?option=com_content&amp;task=view&amp;id=3047&amp;Itemid=488\"><strong>DIARIO DE CAMPO<\/strong><\/a><br \/>\nDiario de Campo es una publicaci\u00f3n bimestral gratuita del Instituto Nacional de Antropolog\u00eda e Historia, editada por la Coordinaci\u00f3n Nacional de Antropolog\u00eda. Es un bolet\u00edn interno de los investigadores del \u00e1rea de antropolog\u00eda, cuyo contenido se centra sobre el an\u00e1lisis de un tema de estudio espec\u00edfico.<br \/>\nSe integra por colaboraciones firmadas, como notas y art\u00edculos, y de acervos fotogr\u00e1ficos, \u00e9stos \u00faltimos que ilustran la edici\u00f3n. Cuenta tambi\u00e9n con una secci\u00f3n anexa que incluye temas de inter\u00e9s para la comunidad acad\u00e9mica, como son novedades editoriales, revistas acad\u00e9micas, rese\u00f1as, actividades acad\u00e9micas y culturales, diplomados, cursos, posgrados y seminarios.<\/p>\n<p><a href=\"http:\/\/www.dimensionantropologica.inah.gob.mx\/\"><strong>DIMENSI\u00d3N ANTROPOLOGICA<\/strong><\/a><br \/>\nDedicada a la difusi\u00f3n cient\u00edfica de la dimensi\u00f3n antropol\u00f3gica sobre la problem\u00e1tica contempor\u00e1nea y la realidad nacional pasada y presente, esta revista cuatrimestral del Instituto Nacional de Antropolog\u00eda e Historia se incorpora a la fecunda tradici\u00f3n desarrollada por las publicaciones antropol\u00f3gicas.<\/p>\n<p><a href=\"http:\/\/www.hayfo.com\/\"><strong>HISTORIA, ANTROPOLOG\u00cdA Y FUENTES ORALES<\/strong><\/a><br \/>\nrevista especializada en Historia Oral, es un medio abierto y cr\u00edtico a las aproximaciones de las distintas disciplinas y a la diversidad de m\u00e9todos de an\u00e1lisis social. Sin academicisimos y sin servilismos a la opini\u00f3n y en conexi\u00f3n con las pol\u00e9micas historiogr\u00e1ficas y socio-culturales de hoy, es una publicaci\u00f3n destinada a la difusi\u00f3n y debate de las aportaciones emp\u00edricas, metodol\u00f3gicas y te\u00f3ricas con cabida para el interrogante, la afirma\u00adci\u00f3n, la hip\u00f3tesis y la cr\u00edtica. Sin apriorismos, busca dialogar con la realidad de cualquier sociedad y no se inquieta por marginalidades, para no tender a la discriminaci\u00f3n y ser m\u00e1s sensible a los conflictos inmediatos, en una sociedad comprometida con la memoria y la experiencia de las gentes.<\/p>\n<p><a href=\"http:\/\/www.facso.uchile.cl\/publicaciones\/mad\/index.html\"><strong>REVISTA MAD<\/strong><\/a><br \/>\nDesde 1999 publicaci\u00f3n electr\u00f3nica semestral que busca reflejar el pensamiento del Programa de Mag\u00edster de Antropolog\u00eda y Desarrollo, donde se difunden trabajos cient\u00edficos dedicados al \u00e1rea del desarrollo, incluyendo temas como marginaci\u00f3n y exclusi\u00f3n social, sociedad civil, procesos de modernizaci\u00f3n e investigaciones socioculturales.<\/p>\n<p><a href=\"http:\/\/www.facso.uchile.cl\/publicaciones\/antropologia\/index.html\"><strong>REVISTA CHILENA DE ANTROPOLOG\u00cdA<\/strong><\/a><br \/>\nEl Departamento de Antropolog\u00eda edita desde 1978 es una publicaci\u00f3n bianual donde se integran las tres disciplinas desarrolladas por el Departamento -Antropolog\u00eda Social, Antropolog\u00eda F\u00edsica y Arqueolog\u00eda- con art\u00edculos que van desde la antropolog\u00eda social y la etnograf\u00eda, hasta la etnoling\u00fc\u00edstica, la arqueolog\u00eda y antropolog\u00eda f\u00edsica, constituyendo un valioso aporte a la integraci\u00f3n de las disciplinas antropol\u00f3gicas.<br \/>\nOtra de las publicaciones electr\u00f3nicas prestigiosas de este departamento es \u201c<a href=\"http:\/\/www.facso.uchile.cl\/publicaciones\/moebio\/index.html\">Cinta de Moebio<\/a>\u201d. Editada desde 1997, est\u00e1 orientada a expertos latinoamericanos que trabajan en el \u00e1rea de la epistemolog\u00eda de las ciencias sociales, con el prop\u00f3sito de vincular la filosof\u00eda con las ciencias sociales y la teor\u00eda con la metodolog\u00eda.<\/p>\n<p><a href=\"http:\/\/www.uam.es\/otros\/ape\/boletines\/index.html\"><strong>BOLET\u00cdN DE LA ASOCIACI\u00d3N PRIMATOL\u00d3GICA ESPA\u00d1OLA<\/strong><\/a><br \/>\nes una publicaci\u00f3n peri\u00f3dica de car\u00e1cter cuatrimestral editada por la Asociaci\u00f3n Primatol\u00f3gica Espa\u00f1ola. Apareciendo el n\u00famero 1 en enero de 1994 sus primeros editores fueron J. C. G\u00f3mez Crespo y F. Pel\u00e1ez del Hierro, siendo tras varios cambios Y. Lledo-Ferrer y D. Rivera Balboa los \u00faltimos editores que han codirigido el Bolet\u00edn.<\/p>\n<p><a href=\"http:\/\/www.potlatch.com.ar\/\"><strong>POTLATCH<\/strong><\/a><br \/>\nEs el cuaderno digital de antropolog\u00eda y semi\u00f3tica m\u00e1s le\u00eddo de habla hispana. De periodicidad semestral y descarga gratuita, Potlatch combina la excelencia acad\u00e9mica con una perspectiva l\u00facida respecto a c\u00f3mo debe presentarse el escrito cient\u00edfico. Bajo la premisa de que llegar al mayor p\u00fablico posible no convierte en menos rigurosa a una disciplina; que los nuevos paradigmas no vienen a socavar la legitimidad de los cl\u00e1sicos sino a precisar su pertinencia; que un texto atractivo no implica menos criterios de validaci\u00f3n sino mayor reflexi\u00f3n epistemol\u00f3gica; que las nuevas tecnolog\u00edas de la informaci\u00f3n permiten, a pesar de las restricciones de acceso, poner al alcance de una mayor cantidad de personas la labor m\u00e1s reciente de profesionales de reconocida trayectoria y de noveles investigadores; que la investigaci\u00f3n acad\u00e9mica cae en saco roto cuando en nombre de la tradici\u00f3n no traspasa sus convenciones de g\u00e9nero, sus fronteras institucionales; bajo la premisa, pues, de que querer conocer y querer aprender van de la mano de querer contar, tenemos la satisfacci\u00f3n de invitarlos a descubrir nuestra publicaci\u00f3n.<\/p>\n<p><a href=\"http:\/\/www.fcnym.unlp.edu.ar\/aabra\/revista1.htm\"><strong>REVISTA ARGENTINA DE ANTROPOLOG\u00cdA BIOL\u00d3GICA<\/strong><\/a><br \/>\nLa RAAB es la revista oficial de la Asociaci\u00f3n de Antropolog\u00eda Biol\u00f3gica Argentina. Es una publicaci\u00f3n anual .<br \/>\nSe reciben contribuciones te\u00f3ricas, metodol\u00f3gicas y estudios de caso, siempre insertos en investigaciones originales, que no hallan sido publicadas con anterioridad. La recepci\u00f3n de manuscritos se realiza durante todo el a\u00f1o debido a que nuestra revista tiene frecuencia anual. Se solicita seguir cuidadosamente las instrucciones de la Gu\u00eda para Autores.<br \/>\nLa RAAB fue recientemente evaluada de acuerdo a los criterios de calidad editorial establecidos por el Proyecto LATINDEX, aprobada y seleccionada para integrar el CATALOGO LATINDEX.<\/p>\n<p><a href=\"http:\/\/www.oei.es\/co65.htm\"><strong>REVISTA DE ANTROPOLOG\u00cdA Y ARQUEOLOG\u00cdA<\/strong><\/a><br \/>\nRevista de la Universidad de los Andes. Departamento de Antropolog\u00eda<\/p>\n<p><a href=\"http:\/\/www.wiley.com\/bw\/journal.asp?ref=1359-0987\"><strong>ROYAL ANTHROPOLOGICAL INSTITUTE<\/strong> <\/a><br \/>\nes la principal revista de la organizaci\u00f3n m\u00e1s antigua antropol\u00f3gico en el mundo. Ha atra\u00eddo e inspirado algunos de los pensadores m\u00e1s grandes del mundo. De alcance internacional, presenta los documentos accesibles destinada a un p\u00fablico amplio antropol\u00f3gica. Tambi\u00e9n es reconocido por su amplia secci\u00f3n de libros de examen, y publica una bibliograf\u00eda de libros recibidos.<\/p>\n<p><a href=\"http:\/\/www.scielo.org.ar\/scielo.php\/script_sci_serial\/pid_1850-275X\/lng_es\/nrm_iso\"><strong>CUADERNOS DE ANTROPOLOG\u00cdA SOCIAL<\/strong><\/a><br \/>\nCuadernos de Antropolog\u00eda Social es una publicaci\u00f3n semestral de la Secci\u00f3n de Antropolog\u00eda Social del Instituto de Ciencias Antropol\u00f3gicas de la Facultad de Filosof\u00eda y Letras (UBA). Publica art\u00edculos originales e in\u00e9ditos, traducciones, rese\u00f1as bibliogr\u00e1ficas y debates que articulan trabajos etnogr\u00e1ficos y discusi\u00f3n te\u00f3rica y metodol\u00f3gica. Realiza una convocatoria abierta a investigadores formados y en formaci\u00f3n del pa\u00eds y del exterior, buscando fortalecer el intercambio acad\u00e9mico en el marco de la Antropolog\u00eda Social. Los n\u00fameros pueden tener una secci\u00f3n tem\u00e1tica dedicada a un \u00e1rea de conocimiento de la Antropolog\u00eda Social y un espacio abierto con el objetivo de presentar las cuestiones y enfoques de producci\u00f3n reciente en la disciplina. La publicaci\u00f3n de los art\u00edculos est\u00e1 sujeta a un proceso de evaluaci\u00f3n externo al Comit\u00e9 Editorial que garantiza el anonimato de autores y evaluadores.<\/p>\n<p><a href=\"http:\/\/www.scielo.org.ar\/scielo.php?script=sci_serial&amp;pid=1851-9628&amp;lng=es&amp;nrm=iso\"><strong>REVISTA RUNA<\/strong><\/a><br \/>\nArchivo para las ciencias del hombre, es una publicaci\u00f3n semestral del Instituto de Ciencias Antropol\u00f3gicas \u2013ICA\u2013 de la Facultad de Filosof\u00eda y Letras de la Universidad de Buenos Aires. Publica art\u00edculos originales, conferencias, entrevistas, traducciones, rese\u00f1as y debates. Est\u00e1 abierta a autores nacionales y extranjeros que desarrollen sus investigaciones en el campo de la antropolog\u00eda biol\u00f3gica, antropolog\u00eda social, etnolog\u00eda, etnohistoria y folklore, buscando fortalecer el intercambio acad\u00e9mico en el marco de las Ciencias Sociales y Humanas. Recibe art\u00edculos durante todo el a\u00f1o. La publicaci\u00f3n de los trabajos est\u00e1 sujeta a un proceso de evaluaci\u00f3n externa al Comit\u00e9 Editorial, garantizando el anonimato de autores y evaluadores. Las opiniones expresadas por los autores son responsabilidad exclusiva de los mismos.<\/p>\n<p><a href=\"http:\/\/www.inversa.unal.edu.co\/\"><strong>INVERSIA<\/strong><\/a><br \/>\nInversa es una publicaci\u00f3n semestral editada por los estudiantes de pregrado del Departamento de Antropolog\u00eda de la Universidad Nacional de Colombia, sede Bogot\u00e1, cuyo objetivo es convertirse en un espacio de divulgaci\u00f3n de los trababajos e investigaciones desarrolladas por los estudiantes de pregrado, postgrado y exalumnos, con el prop\u00f3sito de construir un espacio de discusi\u00f3n y reflexi\u00f3n de las problem\u00e1ticas referentes a la disciplina.<\/p>\n<p><a href=\"http:\/\/antipoda.uniandes.edu.co\/index.php\"><strong>ANTIPODA<\/strong><\/a><br \/>\nEl Departamento de Antropolog\u00eda de la Universidad de Los Andes cumpli\u00f3 cuarenta a\u00f1os, siendo as\u00ed el m\u00e1s antiguo del pa\u00eds. A estas alturas sus integrantes estamos orgullosos de que con el paso del tiempo nuestro Departamento siempre haya escogido la posibilidad de renovarse cada vez que lo considera necesario.<br \/>\nPensamos que \u00e9ste debe ser uno de esos momentos. Durante el \u00faltimo a\u00f1o, el Departamento inici\u00f3 un proceso de fortalecimiento institucional y acad\u00e9mico, que condujo a la vinculaci\u00f3n de nuevos profesores a la planta, interesados en diferentes \u00e1reas de investigaci\u00f3n y docencia. Hemos considerado, por lo tanto, que nuestra revista debe reflejar esta misma intenci\u00f3n de cambio. De ah\u00ed que ahora aparezca Ant\u00edpoda con una nueva cara, un nuevo nombre unido al antiguo, Revista de Antropolog\u00eda y Arqueolog\u00eda, y un nuevo editor.<\/p>\n<p><a href=\"http:\/\/www.soc.unicen.edu.ar\/intersecciones\/menu.htm\"><strong>INTERSECCIONES<\/strong><\/a><br \/>\nLa Revista Intersecciones surgi\u00f3 a escasos diez a\u00f1os de la creaci\u00f3n de la Facultad de Ciencias Sociales de la Universidad Nacional del Centro de la Provincia de Buenos Aires \u20132000- como una publicaci\u00f3n destinada a difundir la producci\u00f3n cient\u00edfica de dicha unidad acad\u00e9mica en el \u00e1rea de antropolog\u00eda.El crecimiento de dicha \u00e1rea de investigaci\u00f3n y la necesidad de brindar una respuesta editorial acorde con los requerimientos de la disciplina motiv\u00f3 la creaci\u00f3n de Intersecciones en Antropolog\u00eda.<\/p>\n<p><a href=\"http:\/\/www.scielo.br\/scielo.php?script=sci_serial&amp;lng=es&amp;pid=0104-9313&amp;nrm=iso\"><strong>MANA<\/strong><\/a><br \/>\nEstudos de Antropologia Social es una publicaci\u00f3n semestral (publicada en abril y octubre) organizada por el Programa de P\u00f3s-Gradua\u00e7\u00e3o em Antropologia Social (PPGAS-Museu Nacional), de la Universidade Federal do Rio de Janeiro (UFRJ). En 1999 complet\u00f3 cinco a\u00f1os de existencia.<br \/>\nMana se destina a la presentaci\u00f3n y discusi\u00f3n de investigaciones y trabajos que puedan contribuir para la comprensi\u00f3n de la realidad sociocultural y para el desarrollo de la Antropolog\u00eda, y se preocupa con poner al lector en contacto con los m\u00e1s importantes temas y cuestiones contempor\u00e1neas de la disciplina.<br \/>\nLa revista publica trabajos in\u00e9ditos (con res\u00famenes en portugu\u00e9s e ingl\u00e9s), elaborados en el contexto de las diversas \u00e1reas del conocimiento relacionadas con la Antropolog\u00eda Social en su sentido m\u00e1s amplio. Se concede especial atenci\u00f3n a trabajos que contribuyan para la investigaci\u00f3n y esclarecimiento de aspectos fundamentales de la sociedad y cultura brasile\u00f1as y, a la vez, se busca captar su singularidad e insertarlos en el contexto global m\u00e1s amplio del que forman parte.<\/p>\n<p><a href=\"http:\/\/www.humanas.unal.edu.co\/cms.php?id=462#maguare\"><strong>MAGUAR\u00c9<\/strong><\/a><br \/>\nRevista del Departamento de Antropolog\u00eda &#8211; Facultad de Ciencias Humanas<br \/>\nUniversidad Nacional de Colombia<\/p>\n<p><a href=\"http:\/\/www.uta.cl\/masma\/azeta\/\"><strong>BOLETIN A-ZETA<\/strong><\/a><br \/>\nPublicaci\u00f3n electr\u00f3nica sobre arqueolog\u00eda y antropolog\u00eda de los Valles Occidentales de los Andes Centro Sur (Chile)<\/p>\n<p><\/p>","protected":false},"excerpt":{"rendered":"<p>(COM) TEXTOS<br \/>\nREVISTA DE ANTROPOLOGIA E INVESTIGACION SOCIAL.<br \/>\n(con)textos surge por iniciativa de doctorandos y doctorandas de antropolog\u00eda social y cultural vinculados a la Universitat de Barcelona. La publicaci\u00f3n nace con la intenci\u00f3n primera de dar a conocer los trabajos de investigaci\u00f3n que se est\u00e1n llevando a cabo en el marco de la etapa doctoral, adem\u00e1s de [&#8230;]<\/p>\n","protected":false},"author":642,"featured_media":0,"parent":0,"menu_order":20,"comment_status":"closed","ping_status":"open","template":"","meta":{"_links_to":"","_links_to_target":""},"_links":{"self":[{"href":"https:\/\/antropologia.umh.es\/ca\/wp-json\/wp\/v2\/pages\/377"}],"collection":[{"href":"https:\/\/antropologia.umh.es\/ca\/wp-json\/wp\/v2\/pages"}],"about":[{"href":"https:\/\/antropologia.umh.es\/ca\/wp-json\/wp\/v2\/types\/page"}],"author":[{"embeddable":true,"href":"https:\/\/antropologia.umh.es\/ca\/wp-json\/wp\/v2\/users\/642"}],"replies":[{"embeddable":true,"href":"https:\/\/antropologia.umh.es\/ca\/wp-json\/wp\/v2\/comments?post=377"}],"version-history":[{"count":0,"href":"https:\/\/antropologia.umh.es\/ca\/wp-json\/wp\/v2\/pages\/377\/revisions"}],"wp:attachment":[{"href":"https:\/\/antropologia.umh.es\/ca\/wp-json\/wp\/v2\/media?parent=377"}],"curies":[{"name":"wp","href":"https:\/\/api.w.org\/{rel}","templated":true}]}}