{"id":6,"date":"2013-03-12T19:46:46","date_gmt":"2013-03-12T18:46:46","guid":{"rendered":"http:\/\/antropologia.zeus.umh.es\/?page_id=6"},"modified":"2014-10-13T13:50:52","modified_gmt":"2014-10-13T11:50:52","slug":"doctorado","status":"publish","type":"page","link":"https:\/\/antropologia.umh.es\/ca\/doctorado\/","title":{"rendered":"Doctorado"},"content":{"rendered":"<p><\/p>\n<p><p>En esta p\u00e1gina podr\u00e1s encontrar informaci\u00f3n sobre el Doctorado en Antropolog\u00eda para el Desarrollo de la UMH y otras cosas interesantes<\/p>\n<\/p>\n<p><\/p>","protected":false},"excerpt":{"rendered":"<p>En esta p\u00e1gina podr\u00e1s encontrar informaci\u00f3n sobre el Doctorado en Antropolog\u00eda para el Desarrollo de la UMH y otras cosas interesantes<\/p>\n","protected":false},"author":1,"featured_media":0,"parent":0,"menu_order":3,"comment_status":"closed","ping_status":"open","template":"","meta":{"_links_to":"","_links_to_target":""},"_links":{"self":[{"href":"https:\/\/antropologia.umh.es\/ca\/wp-json\/wp\/v2\/pages\/6"}],"collection":[{"href":"https:\/\/antropologia.umh.es\/ca\/wp-json\/wp\/v2\/pages"}],"about":[{"href":"https:\/\/antropologia.umh.es\/ca\/wp-json\/wp\/v2\/types\/page"}],"author":[{"embeddable":true,"href":"https:\/\/antropologia.umh.es\/ca\/wp-json\/wp\/v2\/users\/1"}],"replies":[{"embeddable":true,"href":"https:\/\/antropologia.umh.es\/ca\/wp-json\/wp\/v2\/comments?post=6"}],"version-history":[{"count":0,"href":"https:\/\/antropologia.umh.es\/ca\/wp-json\/wp\/v2\/pages\/6\/revisions"}],"wp:attachment":[{"href":"https:\/\/antropologia.umh.es\/ca\/wp-json\/wp\/v2\/media?parent=6"}],"curies":[{"name":"wp","href":"https:\/\/api.w.org\/{rel}","templated":true}]}}