{"id":242,"date":"2009-11-03T10:44:22","date_gmt":"2009-11-03T09:44:22","guid":{"rendered":"http:\/\/antropologia.zeus.umh.es\/?page_id=242"},"modified":"2013-03-13T11:33:17","modified_gmt":"2013-03-13T10:33:17","slug":"nueva-radio-de-antropologia","status":"publish","type":"page","link":"https:\/\/antropologia.umh.es\/en\/nueva-radio-de-antropologia\/","title":{"rendered":"Programa Radio Antropolog\u00edas 2.0 UMH"},"content":{"rendered":"<p><\/p>\n<p><p class=\"MsoNormal\" style=\"margin: 0cm 0cm 10pt;text-align: justify\"><span>Os\u00a0damos la bienvenida a este nuevo sector que que ya est\u00e1 &#8220;en el aire&#8221; con el objetivo de difundir el conocimiento antropol\u00f3gico en general y dar a conocer la titulaci\u00f3n de Antropolog\u00eda y los futuros grados y m\u00e1sters\u00a0de Antropolog\u00eda Social y Cultural. Los d\u00edas de emisi\u00f3n ser\u00e1n:<\/span><\/p>\n<ul style=\"text-align: justify\" type=\"disc\">\n<li class=\"MsoNormal\"><span>11 NOVIEMBRE 2009:\u00a0horario\u00a011.35 a 12.25.<\/span><\/li>\n<li class=\"MsoNormal\"><span>25 NOVIEMBRE 2009: horario\u00a011.35 a 12.25<\/span><\/li>\n<li class=\"MsoNormal\"><span>9 DICIEMBRE 2009: horario\u00a011.35 a 12.25<\/span><\/li>\n<li class=\"MsoNormal\"><span>13 ENERO 2010: horario\u00a011.35 a 12.25<\/span><\/li>\n<li class=\"MsoNormal\"><span>17 FEBRERO 2010: horario\u00a011.35 a 12.25<\/span><\/li>\n<li class=\"MsoNormal\"><span>3 MARZO 2010: horario\u00a011.35 a 12.25<\/span><\/li>\n<li class=\"MsoNormal\"><span>17 MARZO 2010: horario\u00a011.35 a 12.25<\/span><\/li>\n<li class=\"MsoNormal\"><span>31 MARZO 2010: horario\u00a011.35 a 12.25<\/span><\/li>\n<li class=\"MsoNormal\"><span>21 ABRIL 2010: horario\u00a011.35 a 12.25<\/span><\/li>\n<li class=\"MsoNormal\"><span>5 MAYO 2010: horario\u00a011.35 a 12.25<\/span><\/li>\n<li class=\"MsoNormal\"><span>19 MAYO 2010: horario\u00a011.35 a 12.25<\/span><\/li>\n<\/ul>\n<p class=\"MsoNormal\" style=\"margin: 0cm 0cm 10pt;text-align: justify\"><span>Sinton\u00edzanos en:<\/span><\/p>\n<ul style=\"text-align: justify\" type=\"disc\">\n<li class=\"MsoNormal\"><span>\u00a0Elche: 99,50 (en pruebas)<\/span><\/li>\n<li class=\"MsoNormal\"><span>\u00a0Sant Joan d&#8217;Alacant: 99,50 (en pruebas)<\/span><\/li>\n<li class=\"MsoNormal\"><span>\u00a0Orihuela: 101,30 (en pruebas)<\/span><\/li>\n<li class=\"MsoNormal\"><span>\u00a0Altea: 105,40 (en pruebas)<\/span><\/li>\n<\/ul>\n<p class=\"MsoNormal\" style=\"margin: 0cm 0cm 10pt;text-align: justify\"><span>Para mas informaci\u00f3n <a href=\"https:\/\/radio.umh.es\/\"><span style=\"color: #0000ff\">https:\/\/radio.umh.es\/<\/span><\/a> pinchar en Fonoteca y elegir programa Antropologias 2.0 UMH.<\/span><\/p>\n<p class=\"MsoNormal\" style=\"margin: 0cm 0cm 10pt;text-align: justify\"><span>&lt;a title=&quot;Antropolog<\/p>\n<\/p>\n<p><\/p>","protected":false},"excerpt":{"rendered":"<p>Os\u00a0damos la bienvenida a este nuevo sector que que ya est\u00e1 &#8220;en el aire&#8221; con el objetivo de difundir el conocimiento antropol\u00f3gico en general y dar a conocer la titulaci\u00f3n de Antropolog\u00eda y los futuros grados y m\u00e1sters\u00a0de Antropolog\u00eda Social y Cultural. Los d\u00edas de emisi\u00f3n ser\u00e1n:<\/p>\n<p>11 NOVIEMBRE 2009:\u00a0horario\u00a011.35 a 12.25.<br \/>\n25 NOVIEMBRE 2009: horario\u00a011.35 a [&#8230;]<\/p>\n","protected":false},"author":1,"featured_media":0,"parent":0,"menu_order":10,"comment_status":"closed","ping_status":"open","template":"","meta":{"_links_to":"","_links_to_target":""},"_links":{"self":[{"href":"https:\/\/antropologia.umh.es\/en\/wp-json\/wp\/v2\/pages\/242"}],"collection":[{"href":"https:\/\/antropologia.umh.es\/en\/wp-json\/wp\/v2\/pages"}],"about":[{"href":"https:\/\/antropologia.umh.es\/en\/wp-json\/wp\/v2\/types\/page"}],"author":[{"embeddable":true,"href":"https:\/\/antropologia.umh.es\/en\/wp-json\/wp\/v2\/users\/1"}],"replies":[{"embeddable":true,"href":"https:\/\/antropologia.umh.es\/en\/wp-json\/wp\/v2\/comments?post=242"}],"version-history":[{"count":0,"href":"https:\/\/antropologia.umh.es\/en\/wp-json\/wp\/v2\/pages\/242\/revisions"}],"wp:attachment":[{"href":"https:\/\/antropologia.umh.es\/en\/wp-json\/wp\/v2\/media?parent=242"}],"curies":[{"name":"wp","href":"https:\/\/api.w.org\/{rel}","templated":true}]}}