{"id":65,"date":"2009-05-06T21:26:22","date_gmt":"2009-05-06T19:26:22","guid":{"rendered":"http:\/\/antropologia.zeus.umh.es\/?page_id=65"},"modified":"2012-04-18T10:53:46","modified_gmt":"2012-04-18T10:53:46","slug":"links","status":"publish","type":"page","link":"https:\/\/antropologia.umh.es\/en\/links\/","title":{"rendered":"Links"},"content":{"rendered":"<p><\/p>\n<p>Blogs sobre antropolog\u00eda:\u00a0<a href=\"http:\/\/unaantropologaenlaluna.blogspot.com\/\">http:\/\/unaantropologaenlaluna.blogspot.com\/<\/a><\/p>\n<p><strong>Seminario Interdisciplinar de Estudios de G\u00e9nero UMH<\/strong>: <a href=\"http:\/\/blogs.umh.es\/sieg\/\">http:\/\/blogs.umh.es\/sieg\/<\/a><\/p>\n<p><a href=\"https:\/\/antropologia.umh.es\/wp-admin\/2009\/index_es.htm\"><span style=\"color: #000000\"><strong>2\u00ba Simposio internacional sobre interculturalidad en el Mediterr\u00e1neo<\/strong><\/span><\/a>: <a href=\"https:\/\/antropologia.umh.es\/siim\/index.htm\">https:\/\/antropologia.umh.es\/siim\/index.htm<\/a><\/p>\n<p><strong>Blog de Cultura de la UMH<\/strong>: <a href=\"http:\/\/blogs.umh.es\/cultura\/\">http:\/\/blogs.umh.es\/cultura\/<\/a><\/p>\n<p><a href=\"http:\/\/www.wdl.org\/es\/\">Biblioteca digital mundial<\/a> Esta nueva iniciativa pretende que las propias instituciones de cada pa\u00eds ponga al servicio del resto del mundo los documentos propios de su cultura. Resulta interesante la diversidad de documentaci\u00f3n que se presenta.<\/p>\n<p><a href=\"http:\/\/www.gobiernodigital.inah.gob.mx\/mener\/index.php?contentPagina=19\">Biblioteca Nacional de Antropolog\u00eda e Historia\u00a0 de MEXICO<\/a><\/p>\n<p><a href=\"http:\/\/www.inah.gob.mx\/\">Instituto Nacional de Antropolog\u00eda e Historia de MEXICO (INHA)<\/a><\/p>\n<p><a href=\"http:\/\/www.enah.edu.mx\/\">Escuela nacional de Antropolog\u00eda e Historia de MEXICO (ENAH)<\/a><\/p>\n<ul>\n<li><strong><span style=\"color: #000000\">Museu Valenci\u00e1 d&#8217; Etnolog\u00eda<\/span><\/strong>: <a href=\"http:\/\/www.museuvalenciaetnologia.es\/\">www.museuvalenciaetnologia.es\/<\/a><\/li>\n<li><strong>Museo Etnogr\u00e1fico de Castilla\u00a0Le\u00f3n:<\/strong> <a href=\"http:\/\/\">http:\/\/www.museo-etnografico.com<\/a><\/li>\n<li><strong>Museo Etnol\u00f3gico de la Huerta de Alcantarilla<\/strong>: <a href=\"http:\/\/www.turismoyarte.com\/regiones\/murcia\/alcantarilla\/alcantarilla4.htm#6\">http:\/\/www.turismoyarte.com\/regiones\/murcia\/alcantarilla\/alcantarilla4.htm#6<\/a><\/li>\n<li><strong>Museo de Artes y Costumbres Populares (Sevilla)<\/strong><a href=\"http:\/\/www.juntadeandalucia.es\/cultura\/museos\/MACSE\/\">http:\/\/www.juntadeandalucia.es\/cultura\/museos\/MACSE\/<\/a><\/li>\n<li><strong>Museo Etnogr\u00e1fico de Cantabria<\/strong>: <a href=\"http:\/\/museosdecantabria.com\/etno\/velarde.htm\">http:\/\/museosdecantabria.com\/etno\/velarde.htm<\/a><\/li>\n<li><strong>Museo Arqueol\u00f3gico y Etnol\u00f3gico de Granada<\/strong>: <a href=\"http:\/\/www.juntadeandalucia.es\/cultura\/museos\/MAEGR\/index.jsp?redirect=S2_2.jsp\">http:\/\/www.juntadeandalucia.es\/cultura\/museos\/MAEGR\/index.jsp?redirect=S2_2.jsp<\/a><\/li>\n<li> <strong>Museo Arqueol\u00f3gico, Etnogr\u00e1fico e Hist\u00f3rico Vasco<\/strong>: <a href=\"http:\/\/www.euskal-museoa.org\/\">http:\/\/www.euskal-museoa.org\/<\/a><\/li>\n<li><strong>Museo Vaqueiro de Asturias<\/strong>: <a href=\"http:\/\/www.galeon.com\/museovaqueiro\/\">http:\/\/www.galeon.com\/museovaqueiro\/<\/a><\/li>\n<li><strong>Museo Valenciano de Etnol\u00f3gia<\/strong>: <a href=\"http:\/\/www.museuvalenciaetnologia.es\/\">http:\/\/www.museuvalenciaetnologia.es\/<\/a><\/li>\n<li><strong>Museo Etnogr\u00e1fico Provincial de Le\u00f3n<\/strong>: <a href=\"http:\/\/www.etnoleon.com\/etnoleon\/opencms\/index.html\">http:\/\/www.etnoleon.com\/etnoleon\/opencms\/index.html<\/a> <a href=\"http:\/\/\">http:\/\/www.etnoleon.blogspot.com\/<\/a><\/li>\n<\/ul>\n<p><a href=\"http:\/\/www.guiauniversidades.uji.es\/grados\/buscador.html\"><strong><span style=\"color: #2397e9\">La Gu\u00eda Oficial de Titulaciones<\/span><\/strong><\/a> del Ministerio de Educaci\u00f3n y Ciencias.<\/p>\n<p><a href=\"http:\/\/www.guiauniversidades.uji.es\/postgrados\/index.html\" target=\"_blank\"><strong><span style=\"color: #2397e9\">Gu\u00eda de M\u00e1steres Oficiales y Doctorados<\/span><\/strong><\/a> del Ministerio de Educaci\u00f3n y Ciencias.<\/p>\n<p><strong>Asociaciones de la FAAEE:<\/strong><\/p>\n<ul>\n<li><span style=\"color: #5588aa\">I<a href=\"http:\/\/www.ima.org.es\/\">nstituto Madrile\u00f1o de Antropolog\u00eda (IMA)<\/a><\/span><\/li>\n<li><span style=\"color: #5588aa\"><a href=\"http:\/\/ava-antropologiavlc.blogspot.com\/\">Asociaci\u00f3n Valenciana de Antropologia (A.V.A)<\/a> <\/span><\/li>\n<li><a href=\"http:\/\/www.ankulegi.org\/\"><span style=\"color: #5588aa\">Ankulegui. Asoc. Vasca de Antropolog\u00eda <\/span><\/a><\/li>\n<li><a href=\"http:\/\/www.asana-andalucia.org\/\"><span style=\"color: #5588aa\">Asociaci\u00f3n Andaluza de Antropolog\u00eda <\/span><\/a><\/li>\n<li><a href=\"http:\/\/www.antropologiasocial.org\/aca\/aca.htm\"><span style=\"color: #5588aa\">Asociaci\u00f3n Canaria de Antropolog\u00eda <\/span><\/a><\/li>\n<li><a href=\"http:\/\/antropologiaenlared.iespana.es\/\"><span style=\"color: #5588aa\">Asociaci\u00f3n Murciana de Antropolog\u00eda<\/span><\/a><\/li>\n<li><a href=\"http:\/\/www.antropologia.cat\/\"><span style=\"color: #5588aa\">Institut Catal\u00e1 d\u2019Antropologia (ICA)<\/span><\/a><\/li>\n<li><a href=\"http:\/\/www.tinet.org\/~itan\/\"><span style=\"color: #5588aa\">Institut Tarragon\u00e8s d&#8217;Antropologia (secci\u00f3 territorial de l&#8217;ICA)<\/span><\/a><\/li>\n<li><a href=\"http:\/\/antropologiaaragonesa.org\/\"><span style=\"color: #5588aa\">Instituto Aragon\u00e9s de Antropolog\u00eda<\/span><\/a><\/li>\n<\/ul>\n<p><span style=\"color: #000000\"><span><strong>Otras asociaciones e instituciones deAntropolog\u00eda:<\/strong><\/span><\/span><\/p>\n<ul>\n<li><span style=\"color: #5588aa\"><a href=\"http:\/\/antropologiaaragonesa.org\/\"><\/a><a href=\"http:\/\/www.aaanet.org\/\">American Anthropological Association<\/a>(AAA)<\/span><\/li>\n<li><span style=\"color: #5588aa\"><a href=\"http:\/\/www.easaonline.org\/\">Asociaci\u00f3n Europea de Antropolog\u00eda Social (EASA)<\/a><\/span><\/li>\n<li><span style=\"color: #5588aa\"><a href=\"http:\/\/adam.mmsh.univ-aix.fr\/\">Association d\u2019anthropologie mediterran\u00e9enne<\/a><\/span><\/li>\n<li><span style=\"color: #5588aa\"><a href=\"http:\/\/www.aaanet.org\/sections\/afa\/\">Association for Feminist Anthropology Online<\/a><\/span><\/li>\n<li><span style=\"color: #5588aa\"><a href=\"http:\/\/www.asao.org\/\">Association for Social Anthropology in Oceania<\/a><\/span><\/li>\n<li><span style=\"color: #5588aa\"><a href=\"http:\/\/www.afa.msh-paris.fr\/index-esp.html\">Association Francaise des Anhropologues<\/a><\/span><\/li>\n<li><span style=\"color: #5588aa\"><a href=\"http:\/\/www.theasa.org\/\">Association of Social Anthropologists of the UK and Commonwealth <\/a><\/span><\/li>\n<li><span style=\"color: #5588aa\"><a href=\"http:\/\/museumsnett.no\/icme\/\">International Committee for Museums and Collections of Ethnography <\/a><\/span><\/li>\n<li><span style=\"color: #5588aa\"><a href=\"http:\/\/www.meertens.knaw.nl\/sief\/\">International Society for Ethnology and Folklore<\/a><\/span><\/li>\n<li><span style=\"color: #5588aa\"><a href=\"http:\/\/wwwsoc.nii.ac.jp\/jse\/index-e.html\">Japanese Society of Etnology<\/a><\/span><\/li>\n<li><span style=\"color: #5588aa\"><a href=\"http:\/\/www.therai.org.uk\/\">Royal Anthropological Institute<\/a><\/span><\/li>\n<li><span style=\"color: #5588aa\"><a href=\"http:\/\/www.aaanet.org\/sca\/index.htm\">Society for Cultural Anthropology<\/a><\/span><\/li>\n<li><span style=\"color: #5588aa\"><a href=\"http:\/\/www.cas-sca.ca\/\">The Canadian Antropology Society<\/a><\/span><\/li>\n<li><a href=\"http:\/\/www.ptl.free.ngo.pl\/index1.html\"><span style=\"color: #5588aa\">Polskie Towarzystwo Ludoznawcze<\/span><\/a><\/li>\n<li><span style=\"color: #5588aa\"><a href=\"http:\/\/antropologiaaragonesa.org\/\"><\/a><a href=\"http:\/\/www.isita-org.com\/\">Istituto Italiano di Antropologia (ISItA)<\/a><\/span><\/li>\n<li><span style=\"color: #5588aa\"><a href=\"http:\/\/antropologiaaragonesa.org\/\"><\/a><a href=\"http:\/\/www.dgv-net.de\/\">Deutsche Gesellschaft f\u00fcr V\u00f6lkerkunde \u00b7 DGV<\/a><\/span><\/li>\n<li><a href=\"http:\/\/wwwsoc.nii.ac.jp\/jasca\/index-e.html\"><span style=\"color: #5588aa\">Nihon Bunkajinrui Gakkai [Nihon Minzoku Gakkai] | Japanese Society of Cultural Anthropology [Japanese Society of Ethnology] \u00b7 JASCA [JSE]<\/span><\/a><\/li>\n<li><span style=\"color: #5588aa\"><a href=\"http:\/\/antropologiaaragonesa.org\/\"><\/a><a href=\"http:\/\/www.wcaanet.org\/member\/ias\">Indian Anthropological Society \u00b7 IAS<\/a><\/span><\/li>\n<li><a href=\"http:\/\/www.abant.org.br\/\"><span style=\"color: #5588aa\">Associa\u00e7\u00e3o Brasileira de Antropologia \u00b7 ABA<\/span><\/a><\/li>\n<li><a href=\"http:\/\/www.cgantropologia.org.ar\/\"><span style=\"color: #5588aa\">Colegio de Graduados en Antropolog\u00eda de la Rep\u00fablica Argentina \u00b7 CGA<\/span><\/a><\/li>\n<li><a href=\"http:\/\/www.aas.asn.au\/\"><span style=\"color: #5588aa\">Australian Anthropological Society Incorporated \u00b7 AAS<\/span><\/a><\/li>\n<li><a href=\"http:\/\/www.ceas.org.mx\/\"><span style=\"color: #5588aa\">Colegio de Etn\u00f3logos y Antrop\u00f3logos Sociales A.C. (M\u00e9xico) \u00b7 CEAS<\/span><\/a><\/li>\n<li><a href=\"http:\/\/www.asaanz.rsnz.org\/\"><span style=\"color: #5588aa\">Association of Social Anthropologists of Aotearoa\/New Zealand Incorporated \u00b7 ASAA\/NZ<\/span><\/a><\/li>\n<li><a href=\"http:\/\/www.cuhk.edu.hk\/ant\/others\/anthro.htm\"><span style=\"color: #5588aa\">Hong Kong Anthropological Society \u00b7 HKAS<\/span><\/a><\/li>\n<li><a href=\"http:\/\/www.anthropologyireland.org\/\"><span style=\"color: #5588aa\">Anthropological Association of Ireland \u00b7 AAI<\/span><\/a><\/li>\n<li><a href=\"http:\/\/www.apantropologia.net\/\"><span style=\"color: #5588aa\">Associa\u00e7\u00e3o Portuguesa de Antropologia \u00b7 APA<\/span><\/a><\/li>\n<li><a href=\"http:\/\/www.iea.ras.ru\/\"><span style=\"color: #5588aa\">\u0418\u043d\u0441\u0442\u0438\u0442\u0443\u0442 \u042d\u0442\u043d\u043e\u043b\u043e\u0433\u0438\u0438 \u0438 \u0410\u043d\u0442\u0440\u043e\u043f\u043e\u043b\u043e\u0433\u0438\u0438 \u0420\u0410\u041d<\/span><\/a><\/li>\n<li><a href=\"http:\/\/www.upe.ac.za\/ppa\/\"><span style=\"color: #5588aa\">Pan African Anthropological Association \u00b7 PAAA <\/span><\/a><\/li>\n<\/ul>\n<p><\/p>","protected":false},"excerpt":{"rendered":"<p>Blogs sobre antropolog\u00eda:\u00a0http:\/\/unaantropologaenlaluna.blogspot.com\/<br \/>\nSeminario Interdisciplinar de Estudios de G\u00e9nero UMH: http:\/\/blogs.umh.es\/sieg\/<br \/>\n2\u00ba Simposio internacional sobre interculturalidad en el Mediterr\u00e1neo: https:\/\/antropologia.umh.es\/siim\/index.htm<br \/>\nBlog de Cultura de la UMH: http:\/\/blogs.umh.es\/cultura\/<br \/>\nBiblioteca digital mundial Esta nueva iniciativa pretende que las propias instituciones de cada pa\u00eds ponga al servicio del resto del mundo los documentos propios de su cultura. Resulta interesante la diversidad de [&#8230;]<\/p>\n","protected":false},"author":642,"featured_media":0,"parent":0,"menu_order":30,"comment_status":"closed","ping_status":"open","template":"","meta":{"_links_to":"","_links_to_target":""},"_links":{"self":[{"href":"https:\/\/antropologia.umh.es\/en\/wp-json\/wp\/v2\/pages\/65"}],"collection":[{"href":"https:\/\/antropologia.umh.es\/en\/wp-json\/wp\/v2\/pages"}],"about":[{"href":"https:\/\/antropologia.umh.es\/en\/wp-json\/wp\/v2\/types\/page"}],"author":[{"embeddable":true,"href":"https:\/\/antropologia.umh.es\/en\/wp-json\/wp\/v2\/users\/642"}],"replies":[{"embeddable":true,"href":"https:\/\/antropologia.umh.es\/en\/wp-json\/wp\/v2\/comments?post=65"}],"version-history":[{"count":0,"href":"https:\/\/antropologia.umh.es\/en\/wp-json\/wp\/v2\/pages\/65\/revisions"}],"wp:attachment":[{"href":"https:\/\/antropologia.umh.es\/en\/wp-json\/wp\/v2\/media?parent=65"}],"curies":[{"name":"wp","href":"https:\/\/api.w.org\/{rel}","templated":true}]}}